{"id":9665,"date":"2024-10-08T12:42:54","date_gmt":"2024-10-08T10:42:54","guid":{"rendered":"https:\/\/brandnewbundestag.de\/?post_type=product&#038;p=9665"},"modified":"2025-11-06T15:37:57","modified_gmt":"2025-11-06T14:37:57","slug":"cap","status":"publish","type":"product","link":"https:\/\/brandnewbundestag.de\/en\/produkt\/cap","title":{"rendered":"Cap \"Why don't you run for parliament?\""},"content":{"rendered":"<p>Das Cap catcht die Aufmerksamkeit mit der provokanten Zeile \"Why don't you run ... \" auf der Vorderseite und lenkt den Fokus zu unserem Tun bei Brand New Bundestag auf der R\u00fcckseite mit dem Ende des Satzes \" ... for parliament?\". Das Cap ist in dezentem flieder erh\u00e4ltlich, die Schrift und das BNB-Logo sind mit wei\u00dfem Garn aufgestickt. Die Gr\u00f6\u00dfe des Caps l\u00e4sst sich mit der Metallklemme am Hinterkopf verstellen und individuell anpassen.<\/p>\n<ul>\n<li>Baumwolltwill aus 100% recycelten<br \/>\nMaterialien ( 60% rCotton &amp; 40% rPET) und AWARETM Tracer.<\/li>\n<li>H\u00f6he: 12 cm<\/li>\n<li>Durchmesser: 18.5 cm<\/li>\n<\/ul>\n","protected":false},"excerpt":{"rendered":"<p>Das Cap catcht die Aufmerksamkeit mit der provokanten Zeile \"Why don't you run ... \" auf der Vorderseite und lenkt den Fokus zu unserem Tun bei Brand New Bundestag auf der R\u00fcckseite mit dem Ende des Satzes \" ... for parliament?\".<\/p>\n","protected":false},"featured_media":9861,"template":"","meta":{"_acf_changed":false,"inline_featured_image":false},"product_brand":[],"product_cat":[168],"product_tag":[],"class_list":{"0":"post-9665","1":"product","2":"type-product","3":"status-publish","4":"has-post-thumbnail","6":"product_cat-unkategorisiert","8":"first","9":"instock","10":"taxable","11":"shipping-taxable","12":"purchasable","13":"product-type-simple"},"acf":[],"_links":{"self":[{"href":"https:\/\/brandnewbundestag.de\/en\/wp-json\/wp\/v2\/product\/9665","targetHints":{"allow":["GET"]}}],"collection":[{"href":"https:\/\/brandnewbundestag.de\/en\/wp-json\/wp\/v2\/product"}],"about":[{"href":"https:\/\/brandnewbundestag.de\/en\/wp-json\/wp\/v2\/types\/product"}],"wp:featuredmedia":[{"embeddable":true,"href":"https:\/\/brandnewbundestag.de\/en\/wp-json\/wp\/v2\/media\/9861"}],"wp:attachment":[{"href":"https:\/\/brandnewbundestag.de\/en\/wp-json\/wp\/v2\/media?parent=9665"}],"wp:term":[{"taxonomy":"product_brand","embeddable":true,"href":"https:\/\/brandnewbundestag.de\/en\/wp-json\/wp\/v2\/product_brand?post=9665"},{"taxonomy":"product_cat","embeddable":true,"href":"https:\/\/brandnewbundestag.de\/en\/wp-json\/wp\/v2\/product_cat?post=9665"},{"taxonomy":"product_tag","embeddable":true,"href":"https:\/\/brandnewbundestag.de\/en\/wp-json\/wp\/v2\/product_tag?post=9665"}],"curies":[{"name":"wp","href":"https:\/\/api.w.org\/{rel}","templated":true}]}}