{"id":9683,"date":"2024-10-08T12:45:14","date_gmt":"2024-10-08T10:45:14","guid":{"rendered":"https:\/\/brandnewbundestag.de\/?post_type=product&#038;p=9683"},"modified":"2026-03-25T12:25:35","modified_gmt":"2026-03-25T11:25:35","slug":"ade-afd-brettspiel","status":"publish","type":"product","link":"https:\/\/brandnewbundestag.de\/en\/produkt\/ade-afd-brettspiel","title":{"rendered":"Ad\u00e9 AfD-Brettspiel"},"content":{"rendered":"<p>Die Umfrage- und Wahlergebnisse der AfD steigen und die Gefahr von Rechts nimmt zu. In den ersten Bundesl\u00e4ndern hat die AfD durch Sperrminorit\u00e4ten bereits Mitsprachem\u00f6glichkeiten erlangt und die reale Regierungsbeteiligung scheint gef\u00e4hrlich nahe. Doch was passiert eigentlich, wenn die AfD in gro\u00dfer Zahl in den Parlamenten sitzt und auch\u00a0tats\u00e4chlich regiert? Das skizzieren wir mit unserem Brettspiel Ad\u00e9 AfD!<\/p>\n<p>Dabei gibt es zwei besonders wichtige Spielregeln.<\/p>\n<p>1. Die Blauen d\u00fcrfen nicht gewinnen!<\/p>\n<p>2. \u00dcberparteiliche Zusammenarbeit ist das Gebot der Stunde!<\/p>\n<p>Gespielt werden kann das Spiel mit 3-6 Spielenden. Jede Person spielt dabei eine Partei und versucht die Karten auf der Hand m\u00f6glichst clever so zu spielen, dass die eigenen Figuren m\u00f6glichst schnell und unbeschadet durch den Wahlkampf kommen und ins Parlament einziehen.<\/p>\n<p>Das Spiel unterst\u00fctzt Dich dabei, \u00fcber die Gefahren der AfD ins Gespr\u00e4ch zu kommen! Am K\u00fcchentisch in der WG, mit Freund*innen in der Kneipe oder bei der n\u00e4chsten Familienfeier \u2013 und zwar nicht moralisch, trocken und abstrakt, sondern konkret, sachlich und spielerisch! Denn wie wir vermutlich alle wissen, ist das oft gar nicht so einfach!<\/p>\n<p><a href=\"https:\/\/brandnewbundestag.de\/en\/ade-afd\">Mehr zum Spiel erf\u00e4hrst Du hier!<\/a><\/p>\n","protected":false},"excerpt":{"rendered":"<p>Das Spiel unterst\u00fctzt Dich dabei, \u00fcber die Gefahren der AfD ins Gespr\u00e4ch zu kommen! Am K\u00fcchentisch in der WG, mit Freund*innen in der Kneipe oder bei der n\u00e4chsten Familienfeier \u2013 und zwar nicht moralisch, trocken und abstrakt, sondern konkret, sachlich und spielerisch! Denn wie wir vermutlich alle wissen, ist das oft gar nicht so einfach!<\/p>\n","protected":false},"featured_media":2509,"template":"","meta":{"_acf_changed":false,"inline_featured_image":false},"product_brand":[],"product_cat":[168],"product_tag":[],"class_list":{"0":"post-9683","1":"product","2":"type-product","3":"status-publish","4":"has-post-thumbnail","6":"product_cat-unkategorisiert","8":"first","9":"instock","10":"taxable","11":"shipping-taxable","12":"purchasable","13":"product-type-simple"},"acf":[],"_links":{"self":[{"href":"https:\/\/brandnewbundestag.de\/en\/wp-json\/wp\/v2\/product\/9683","targetHints":{"allow":["GET"]}}],"collection":[{"href":"https:\/\/brandnewbundestag.de\/en\/wp-json\/wp\/v2\/product"}],"about":[{"href":"https:\/\/brandnewbundestag.de\/en\/wp-json\/wp\/v2\/types\/product"}],"wp:featuredmedia":[{"embeddable":true,"href":"https:\/\/brandnewbundestag.de\/en\/wp-json\/wp\/v2\/media\/2509"}],"wp:attachment":[{"href":"https:\/\/brandnewbundestag.de\/en\/wp-json\/wp\/v2\/media?parent=9683"}],"wp:term":[{"taxonomy":"product_brand","embeddable":true,"href":"https:\/\/brandnewbundestag.de\/en\/wp-json\/wp\/v2\/product_brand?post=9683"},{"taxonomy":"product_cat","embeddable":true,"href":"https:\/\/brandnewbundestag.de\/en\/wp-json\/wp\/v2\/product_cat?post=9683"},{"taxonomy":"product_tag","embeddable":true,"href":"https:\/\/brandnewbundestag.de\/en\/wp-json\/wp\/v2\/product_tag?post=9683"}],"curies":[{"name":"wp","href":"https:\/\/api.w.org\/{rel}","templated":true}]}}